{"id":514,"date":"2014-10-09T11:56:18","date_gmt":"2014-10-09T09:56:18","guid":{"rendered":"http:\/\/lisewulff.com\/wordpress\/?page_id=514"},"modified":"2018-08-27T13:52:31","modified_gmt":"2018-08-27T11:52:31","slug":"cv-2","status":"publish","type":"page","link":"https:\/\/lisewulff.com\/wordpress\/cv-2","title":{"rendered":"CV"},"content":{"rendered":"<p><strong>Member of NBK, BOA, BKiB<\/strong><\/p>\n<p>&nbsp;<\/p>\n<h2>Exhibitions (selection)<\/h2>\n<p>2018: B\u00e6rum Kunsthall: <span lang=\"EN-US\">&#8220;May the Future be a Friendly Place&#8221;, solo show in the project room<\/span><\/p>\n<p>2017: N\u00e4\u00e4s Slott, Sweden: &#8221; Clear Day&#8221;, upcoming land art exhibition with 5 Nordic artists<\/p>\n<p>2017: B\u00e6rum Kulturhus: &#8220;Helgerudg\u00e5rden atelierfellesskap&#8221;, group exhibition<\/p>\n<p>2016: Henie Onstad Kunstsenter: UTOPIA B\u00c6RUM, group exhibition<\/p>\n<p>2015: B\u00e6rum Kunsthall: &#8220;Behind the fasade&#8221;, group exhibition curated by Hilde M\u00f8rch<\/p>\n<p>2015: Munch&#8217;s studio at Ekely: &#8220;The Human Mountain&#8221;, group show curated by Tony Norum<\/p>\n<p>2015: B\u00e6rum Kunstforening : &#8220;Beneath and below (the outside is shallow)&#8221;, solo exhibition<\/p>\n<p>2014: Berger Museum Fosskleiva (Kunst Rett Vest): Site specific installation on lake<\/p>\n<p>2013: Treci Beograd, Belgrade: &#8220;Izlo\u017eba\u00a034.\u00a0i\u00a035.&#8221;, group exhibition<\/p>\n<p>2013: Kristin Hjellegjerde\u00a0Gallery, London: &#8220;Elements&#8221;, group exhibition<\/p>\n<p>2013: B\u00e6rum Kunstforening\/Sandvika: &#8220;City rooms&#8221;, site\/time specific installation<\/p>\n<p>2013: Installation outside the municipality building of B\u00e6rum: &#8220;Green Energy&#8221;<\/p>\n<p>2012: Henie Onstad Art Centre: &#8220;Lost Garden&#8221;, outdoor exhibition<\/p>\n<p>2012: Museum Kampa, Praha, Czech republic: &#8220;Ahoj&#8221;, sound installation<\/p>\n<p>2012: Galerie Califia, Horazdovice, Czech republic: &#8220;Beneath&#8221;, group exhibition<\/p>\n<p>2012: B\u00e6rum Kulturhus, Norway: &#8220;Labyrinth&#8221;, group exhibition<\/p>\n<p>2012: B\u00e6rum Kunstforening: &#8220;1001 nights&#8221;, group exhibition<\/p>\n<p>2012: Galleri Henrik Gerner: &#8220;dissonans&#8221;, group exhibition<\/p>\n<p>2010: Asker Kunstforening: \u201dUnder the surface\u201d, solo exhibition<\/p>\n<p>2010: B\u00e6rum Kunstforening: \u201dFace&#8221;, group exhibition<\/p>\n<p>2009: B\u00e6rum Kunstforening: \u201dPoints of Light\u201d, group exhibition<\/p>\n<p>2008: Henie Onstad Art Centre: \u201d505050\u201d, out door gruop exhibition<\/p>\n<p>2008: B\u00e6rum Kunstforening: \u201dLiving Landscape\u201d, group exhibition<\/p>\n<p>2007: B\u00e6rum Kunstforening: \u201dPerpetual\u201d, group exhibition<\/p>\n<p>2003: Henie Onstad Art Centre: \u201dPeer Gynt\u201d, group exhibition<\/p>\n<p>&nbsp;<\/p>\n<h2>Prize<\/h2>\n<p>2016:\u00a0The Art Prize of the Municipality of B\u00e6rum (B\u00e6rum kommunes kunstpris)<\/p>\n<p>&nbsp;<\/p>\n<h2>Assignments (selection)<\/h2>\n<p>2017: &#8220;Light Drawings&#8221;, Permanent intsallation in B\u00e6rum Kulturhus<\/p>\n<p>2017: &#8220;Tr\u00e5der som binder sammen&#8221;, Relational outdoor art installation comissioned by the\u00a0Municipality of Svelvik<\/p>\n<p>2017: &#8220;Himmelfangere&#8221;, Site specific installation for Linstow AS, Romerike Helsebygg<\/p>\n<p>2016: &#8220;Home is a Foreign Place&#8221;, outdoor installations commisioned by the\u00a0Municipality of B\u00e6rum, in collaboration with Vigdis Storsveen, refugees to Norway and Norwegian youth<\/p>\n<p>2015-2016: &#8220;Unfolded Landscape #1, #2 and #5&#8221;, outdoor installations commisioned by the<\/p>\n<p>Municipality of B\u00e6rum, in collaboration with Vigdis Storsveen<\/p>\n<p>2015: &#8220;Woven Water&#8221; &#8211; Temoprary installation on the lake of Semsvann, commisioned by<\/p>\n<p>Asker Culture Festival<\/p>\n<p>2015: Outdoor sculpture at Vettre torg, in collaboration with Riri Green, commisioned by<\/p>\n<p>Vettre Eiendom<\/p>\n<p>2012: Site specific art installation at Nes\u00f8ya Elementary School<\/p>\n<p>&nbsp;<\/p>\n<h2>Projects\u00a0(selection)<\/h2>\n<p>2017: HESJE EcoArt project in collaboration with Hurtigruten, and supported by Milj\u00f8direktoratet (the\u00a0Norwegian Environment Agency): Beach cleaning and art installation to visualize the challenges of\u00a0plastic in our oceans<\/p>\n<p>2016: Museo de la Evolucion Humana, Atapuerca, Spain: Permanent outdoor installation with\u00a0living trees<\/p>\n<p>2015: Museo Thyssen-Bornemisza in Madrid: Art work shop and presentation, invited by\u00a0EducaThyssen and the Royal Norwegian Embassy<\/p>\n<p>2015\/16: Relational project with pupils at Vettre School, related to the local history. Outdoor\u00a0installation in collaboration with artist Riri Green<\/p>\n<p>2013-: <a href=\"http:\/\/www.thescreamfromnature.com\">&#8220;The Scream from Nature&#8221;<\/a>: Environment art project, part of the\u00a0official program of the Edvard Munch Jubileum Munch150, United Nations\u00a0Environment Programme as a collaborating partner. Ongoing project.<\/p>\n<p>2014: DignityArt project related to the Nordic Somali Youth Summit in Copenhagen<\/p>\n<p>2013: Dignity art project related to the Nordic Somali Youth Summit in Stockolm<\/p>\n<p>2012: Dignity art project related to the Nordic Somali Youth Summit in Oslo<\/p>\n<p>2010: International Flag Project, Nansenparken, comissioned by the Municipality of B\u00e6rum<\/p>\n<p>&nbsp;<\/p>\n<h2>Residencies<\/h2>\n<p>2012: ArtMill &#8211; Centre for Sustainable Creativity, Czech Republic, www.artmill.eu<\/p>\n<p>2012: Jalovik, Serbia, www.jalovik.net<\/p>\n<p>2011: Land art, Slovakia: \u201dLandscape revisited\u201d, residency and exhibition, initiative by ARTTODAY,\u00a0supported by the Culture Department of Slovakia<\/p>\n<p>&nbsp;<\/p>\n<h2>Grants<\/h2>\n<p>2018: Billedkunstnernes Vederlagsfond &#8211; One year\u2019s grant<\/p>\n<p>2017: Nordic-Baltic Mobility Programme, Nordic Council of Ministers<\/p>\n<p>2016: Sparebankstiftelsen DNB<\/p>\n<p>2016: The Royal Norwegian Embassy in Madrid<\/p>\n<p>2015: The Royal Norwegian Embassy in Madrid<\/p>\n<p>2014: The Pangea Foundation<\/p>\n<p>2013: Municipality of Oslo &#8211; Kulturetaten<\/p>\n<p>2013: The Norwegian Ministry of Foreign Affairs &#8211; Travel support<\/p>\n<p>2013: Sparebankstiftelsen DNB<\/p>\n<p>2013: Milj\u00f8direktoratet<\/p>\n<p>2012: Sparebankstiftelsen DNB NOR<\/p>\n<p>2002: Rolf Daldorfs Legat for bildende kunstnere<\/p>\n<p>&nbsp;<\/p>\n<h2>Published Works &amp; Critical Reviews<\/h2>\n<p>2016.10.08: Dagsavisen &#8211; Kultur, &#8220;Den hverdagslige utopien&#8221;, critic by Lars Elton on the exhibtion UTOPIA B\u00c6RUM at Henie Onstad Kunstsenter<\/p>\n<p>2016: Internationale Kunst Heute, by Martina Kolle and Ingrid Gardill, p. 314 and 315<\/p>\n<p>2015: Deutsche Welle&#8217;s Euromaxx &#8220;Masterpieces Revisited: The Scream&#8221; (2015\/12\/26: http:\/\/www.dw.com\/en\/masterpieces-revisited-the-scream\/av-18628246)<\/p>\n<p>2015: Deutsche Welle&#8217;s Art.21 television magazine &#8220;Masterpieces &#8211; How painting become icons&#8221; (2015\/08\/04: http:\/\/www.dw.com\/en\/masterpieces-how-paintings-become-icons\/av-18941254)<\/p>\n<p>2015: Norwegian arts and crafts magazine Kunsth\u00e5ndverk 2\/2015, p. 20 and 21<\/p>\n<h2><\/h2>\n<h2>Collections<\/h2>\n<p>Municipality of B\u00e6rum<\/p>\n<p>Linstow<\/p>\n<p>Swedbank<\/p>\n<p>First Securities<\/p>\n<p>Handelsbanken<\/p>\n<p>&nbsp;<\/p>\n<h2>Tasks<\/h2>\n<p>2011-2014 : Head of The Board of BKiB (Bildende Kunstnere i B\u00e6rum)<\/p>\n<p>2009-2011 : Member of The Board of BKiB (Bildende Kunstnere i B\u00e6rum)<\/p>\n","protected":false},"excerpt":{"rendered":"<p>Member of NBK, BOA, BKiB &nbsp; Exhibitions (selection) 2018: B\u00e6rum Kunsthall: &#8220;May the Future be a Friendly Place&#8221;, solo show in the project room 2017: N\u00e4\u00e4s Slott, Sweden: &#8221; Clear Day&#8221;, upcoming land art exhibition with 5 Nordic artists 2017: B\u00e6rum Kulturhus: &#8220;Helgerudg\u00e5rden atelierfellesskap&#8221;, group exhibition 2016: Henie Onstad Kunstsenter: UTOPIA B\u00c6RUM, group exhibition 2015: B\u00e6rum Kunsthall: &#8220;Behind the fasade&#8221;, group exhibition curated by Hilde M\u00f8rch 2015: Munch&#8217;s studio at Ekely: &#8220;The Human Mountain&#8221;, group show curated by Tony Norum 2015: B\u00e6rum Kunstforening : &#8220;Beneath and below (the outside is shallow)&#8221;, solo exhibition 2014: Berger Museum Fosskleiva (Kunst Rett Vest): [&hellip;]<\/p>\n","protected":false},"author":1,"featured_media":506,"parent":0,"menu_order":4,"comment_status":"closed","ping_status":"open","template":"","meta":{"footnotes":""},"class_list":["post-514","page","type-page","status-publish","has-post-thumbnail","hentry"],"_links":{"self":[{"href":"https:\/\/lisewulff.com\/wordpress\/wp-json\/wp\/v2\/pages\/514","targetHints":{"allow":["GET"]}}],"collection":[{"href":"https:\/\/lisewulff.com\/wordpress\/wp-json\/wp\/v2\/pages"}],"about":[{"href":"https:\/\/lisewulff.com\/wordpress\/wp-json\/wp\/v2\/types\/page"}],"author":[{"embeddable":true,"href":"https:\/\/lisewulff.com\/wordpress\/wp-json\/wp\/v2\/users\/1"}],"replies":[{"embeddable":true,"href":"https:\/\/lisewulff.com\/wordpress\/wp-json\/wp\/v2\/comments?post=514"}],"version-history":[{"count":20,"href":"https:\/\/lisewulff.com\/wordpress\/wp-json\/wp\/v2\/pages\/514\/revisions"}],"predecessor-version":[{"id":2474,"href":"https:\/\/lisewulff.com\/wordpress\/wp-json\/wp\/v2\/pages\/514\/revisions\/2474"}],"wp:featuredmedia":[{"embeddable":true,"href":"https:\/\/lisewulff.com\/wordpress\/wp-json\/wp\/v2\/media\/506"}],"wp:attachment":[{"href":"https:\/\/lisewulff.com\/wordpress\/wp-json\/wp\/v2\/media?parent=514"}],"curies":[{"name":"wp","href":"https:\/\/api.w.org\/{rel}","templated":true}]}}